{"id":425,"date":"2022-04-11T11:59:46","date_gmt":"2022-04-11T11:59:46","guid":{"rendered":"https:\/\/karrier.dentsu.hu\/kapcsolat\/"},"modified":"2022-07-11T15:03:25","modified_gmt":"2022-07-11T15:03:25","slug":"kapcsolat","status":"publish","type":"page","link":"https:\/\/karrier.dentsu.hu\/en\/kapcsolat\/","title":{"rendered":"Contact us"},"content":{"rendered":"\n<h3 class=\"wp-block-heading\" id=\"mauris-malesuada-lectus-in-urna-mattis-volutpat-1\">dentsu Hungary Kft.<\/h3>\n\n\n\n<p>Hungary<br>1027, Budapest, Kacsa u. 15-23.<\/p>\n\n\n\n<p><a class=\"telefon\" href=\"tel:+36 (1) 411-2200\">+36 (1) 411-2200<\/a><br><a class=\"email\" href=\"mailto:job.hungary@dentsu.com\">job.hungary@dentsu.com<\/a><\/p>\n","protected":false},"excerpt":{"rendered":"<p>dentsu Hungary Kft. Hungary1027, Budapest, Kacsa u. 15-23. +36 (1) 411-2200job.hungary@dentsu.com<\/p>\n","protected":false},"author":1,"featured_media":0,"parent":0,"menu_order":0,"comment_status":"closed","ping_status":"closed","template":"page-contact.php","meta":{"_acf_changed":false,"inline_featured_image":false,"footnotes":""},"class_list":["post-425","page","type-page","status-publish","hentry"],"acf":[],"yoast_head":"<!-- This site is optimized with the Yoast SEO plugin v23.8 - https:\/\/yoast.com\/wordpress\/plugins\/seo\/ -->\n<title>Contact us - Dentsu karrier<\/title>\n<meta name=\"robots\" content=\"index, follow, max-snippet:-1, max-image-preview:large, max-video-preview:-1\" \/>\n<link rel=\"canonical\" href=\"https:\/\/karrier.dentsu.hu\/en\/kapcsolat\/\" \/>\n<meta property=\"og:locale\" content=\"en_US\" \/>\n<meta property=\"og:type\" content=\"article\" \/>\n<meta property=\"og:title\" content=\"Contact us - Dentsu karrier\" \/>\n<meta property=\"og:description\" content=\"dentsu Hungary Kft. Hungary1027, Budapest, Kacsa u. 15-23. +36 (1) 411-2200job.hungary@dentsu.com\" \/>\n<meta property=\"og:url\" content=\"https:\/\/karrier.dentsu.hu\/en\/kapcsolat\/\" \/>\n<meta property=\"og:site_name\" content=\"Dentsu karrier\" \/>\n<meta property=\"article:modified_time\" content=\"2022-07-11T15:03:25+00:00\" \/>\n<meta name=\"twitter:card\" content=\"summary_large_image\" \/>\n<script type=\"application\/ld+json\" class=\"yoast-schema-graph\">{\"@context\":\"https:\/\/schema.org\",\"@graph\":[{\"@type\":\"WebPage\",\"@id\":\"https:\/\/karrier.dentsu.hu\/en\/kapcsolat\/\",\"url\":\"https:\/\/karrier.dentsu.hu\/en\/kapcsolat\/\",\"name\":\"Contact us - Dentsu karrier\",\"isPartOf\":{\"@id\":\"https:\/\/karrier.dentsu.hu\/#website\"},\"datePublished\":\"2022-04-11T11:59:46+00:00\",\"dateModified\":\"2022-07-11T15:03:25+00:00\",\"breadcrumb\":{\"@id\":\"https:\/\/karrier.dentsu.hu\/en\/kapcsolat\/#breadcrumb\"},\"inLanguage\":\"en-US\",\"potentialAction\":[{\"@type\":\"ReadAction\",\"target\":[\"https:\/\/karrier.dentsu.hu\/en\/kapcsolat\/\"]}]},{\"@type\":\"BreadcrumbList\",\"@id\":\"https:\/\/karrier.dentsu.hu\/en\/kapcsolat\/#breadcrumb\",\"itemListElement\":[{\"@type\":\"ListItem\",\"position\":1,\"name\":\"Home\",\"item\":\"https:\/\/karrier.dentsu.hu\/en\/\"},{\"@type\":\"ListItem\",\"position\":2,\"name\":\"Contact us\"}]},{\"@type\":\"WebSite\",\"@id\":\"https:\/\/karrier.dentsu.hu\/#website\",\"url\":\"https:\/\/karrier.dentsu.hu\/\",\"name\":\"Dentsu karrier\",\"description\":\"Ismerd meg a c\u00e9g\u00fcnket, m\u00e1rk\u00e1inkat, csapatainkat!\",\"potentialAction\":[{\"@type\":\"SearchAction\",\"target\":{\"@type\":\"EntryPoint\",\"urlTemplate\":\"https:\/\/karrier.dentsu.hu\/?s={search_term_string}\"},\"query-input\":{\"@type\":\"PropertyValueSpecification\",\"valueRequired\":true,\"valueName\":\"search_term_string\"}}],\"inLanguage\":\"en-US\"}]}<\/script>\n<!-- \/ Yoast SEO plugin. -->","yoast_head_json":{"title":"Contact us - Dentsu karrier","robots":{"index":"index","follow":"follow","max-snippet":"max-snippet:-1","max-image-preview":"max-image-preview:large","max-video-preview":"max-video-preview:-1"},"canonical":"https:\/\/karrier.dentsu.hu\/en\/kapcsolat\/","og_locale":"en_US","og_type":"article","og_title":"Contact us - Dentsu karrier","og_description":"dentsu Hungary Kft. Hungary1027, Budapest, Kacsa u. 15-23. +36 (1) 411-2200job.hungary@dentsu.com","og_url":"https:\/\/karrier.dentsu.hu\/en\/kapcsolat\/","og_site_name":"Dentsu karrier","article_modified_time":"2022-07-11T15:03:25+00:00","twitter_card":"summary_large_image","schema":{"@context":"https:\/\/schema.org","@graph":[{"@type":"WebPage","@id":"https:\/\/karrier.dentsu.hu\/en\/kapcsolat\/","url":"https:\/\/karrier.dentsu.hu\/en\/kapcsolat\/","name":"Contact us - Dentsu karrier","isPartOf":{"@id":"https:\/\/karrier.dentsu.hu\/#website"},"datePublished":"2022-04-11T11:59:46+00:00","dateModified":"2022-07-11T15:03:25+00:00","breadcrumb":{"@id":"https:\/\/karrier.dentsu.hu\/en\/kapcsolat\/#breadcrumb"},"inLanguage":"en-US","potentialAction":[{"@type":"ReadAction","target":["https:\/\/karrier.dentsu.hu\/en\/kapcsolat\/"]}]},{"@type":"BreadcrumbList","@id":"https:\/\/karrier.dentsu.hu\/en\/kapcsolat\/#breadcrumb","itemListElement":[{"@type":"ListItem","position":1,"name":"Home","item":"https:\/\/karrier.dentsu.hu\/en\/"},{"@type":"ListItem","position":2,"name":"Contact us"}]},{"@type":"WebSite","@id":"https:\/\/karrier.dentsu.hu\/#website","url":"https:\/\/karrier.dentsu.hu\/","name":"Dentsu karrier","description":"Ismerd meg a c\u00e9g\u00fcnket, m\u00e1rk\u00e1inkat, csapatainkat!","potentialAction":[{"@type":"SearchAction","target":{"@type":"EntryPoint","urlTemplate":"https:\/\/karrier.dentsu.hu\/?s={search_term_string}"},"query-input":{"@type":"PropertyValueSpecification","valueRequired":true,"valueName":"search_term_string"}}],"inLanguage":"en-US"}]}},"_links":{"self":[{"href":"https:\/\/karrier.dentsu.hu\/en\/wp-json\/wp\/v2\/pages\/425"}],"collection":[{"href":"https:\/\/karrier.dentsu.hu\/en\/wp-json\/wp\/v2\/pages"}],"about":[{"href":"https:\/\/karrier.dentsu.hu\/en\/wp-json\/wp\/v2\/types\/page"}],"author":[{"embeddable":true,"href":"https:\/\/karrier.dentsu.hu\/en\/wp-json\/wp\/v2\/users\/1"}],"replies":[{"embeddable":true,"href":"https:\/\/karrier.dentsu.hu\/en\/wp-json\/wp\/v2\/comments?post=425"}],"version-history":[{"count":7,"href":"https:\/\/karrier.dentsu.hu\/en\/wp-json\/wp\/v2\/pages\/425\/revisions"}],"predecessor-version":[{"id":1433,"href":"https:\/\/karrier.dentsu.hu\/en\/wp-json\/wp\/v2\/pages\/425\/revisions\/1433"}],"wp:attachment":[{"href":"https:\/\/karrier.dentsu.hu\/en\/wp-json\/wp\/v2\/media?parent=425"}],"curies":[{"name":"wp","href":"https:\/\/api.w.org\/{rel}","templated":true}]}}