{"id":1451,"date":"2022-05-19T08:12:48","date_gmt":"2022-05-19T08:12:48","guid":{"rendered":"https:\/\/karrier.dentsu.hu\/?page_id=1451"},"modified":"2023-02-28T15:01:24","modified_gmt":"2023-02-28T15:01:24","slug":"cookie-policy","status":"publish","type":"page","link":"https:\/\/karrier.dentsu.hu\/en\/cookie-policy\/","title":{"rendered":"Cookie policy"},"content":{"rendered":"\n<h3 class=\"wp-block-heading\" id=\"1-what-is-a-cookie-how-we-deploy-cookies\">1. What is a cookie? How we deploy \u201ccookies\u201d?<\/h3>\n\n\n\n<p>Cookies are small packets of information stored by your web browser when you visit certain websites, including the karrier.dentsu.hu website (hereinafter: website\/our website).<\/p>\n\n\n\n<p>Cookies are generally used by websites to improve your user experience by enabling that website to \u2018remember\u2019 you, either strictly for the duration of your visit (using a \u201cSession\u201d cookie which is erased when you close your browser) or for repeat visits (using a \u201cPermanent\u201d cookie).<\/p>\n\n\n\n<p>This Cookies Notice specifies the cookies used by the operator of the karrier.dentsu.hu website, i.e. Dentsu Hungary Kft. (registered office: 1027 Budapest, Kacsa u. 15-23., corp. reg. no.: 01-09-168441) and the options that you as a visitor to the www.dentsu.hu website have about the cookies.<\/p>\n\n\n\n<p>We do not use cookies to store any personally identifiable information about you.<\/p>\n\n\n\n<h3 class=\"wp-block-heading\" id=\"2-our-site-uses-the-following-types-of-cookies\">2. Our site uses the following types of cookies<\/h3>\n\n\n\n<p><strong>Functionality Cookie<\/strong><br>This cookie allows our website to remember choices you make (such as user name, or region you are in) and provide enhanced, more personal features.) This cookie can also be used to remember changes you have made to text size, fonts and other parts of web page which you can customise. The information this cookie collects may be anonymised and they cannot track your browsing activity on other websites.<\/p>\n\n\n\n<p>The functionality cookies are listed below:<\/p>\n\n\n\n<p><strong>Cookie Name<\/strong>: PHPSESSID<br><strong>Purpose of the cookie<\/strong>: to <a href=\"https:\/\/cookiedatabase.org\/cookiefunctions\/provide-functions-across-pages\/\" data-type=\"URL\" data-id=\"https:\/\/cookiedatabase.org\/cookiefunctions\/provide-functions-across-pages\/\" target=\"_blank\" rel=\"noreferrer noopener\">provide functions across pages<\/a><br><strong>Validity period of the cookie<\/strong>: end of the session<\/p>\n\n\n\n<p><strong>Cookie Name<\/strong>: NID (.google.hu)<br><strong>Purpose of the cookie<\/strong>: to <a href=\"https:\/\/cookiedatabase.org\/cookiefunctions\/ad-delivery\/\" data-type=\"URL\" data-id=\"https:\/\/cookiedatabase.org\/cookiefunctions\/ad-delivery\/\" target=\"_blank\" rel=\"noreferrer noopener\">provide ad delivery or retargeting<\/a>, <a href=\"https:\/\/cookiedatabase.org\/cookiefunctions\/store-user-preferences\/\" data-type=\"URL\" data-id=\"https:\/\/cookiedatabase.org\/cookiefunctions\/store-user-preferences\/\" target=\"_blank\" rel=\"noreferrer noopener\">store user preferences<\/a><br><strong>Validity period of the cookie<\/strong>: 183 days<\/p>\n\n\n\n<p><strong>Cookie Name<\/strong>: 1P_JAR<br><strong>Purpose of the cookie<\/strong>: to <a href=\"https:\/\/cookiedatabase.org\/cookiefunctions\/ad-delivery\/\" data-type=\"URL\" data-id=\"https:\/\/cookiedatabase.org\/cookiefunctions\/ad-delivery\/\" target=\"_blank\" rel=\"noreferrer noopener\">provide ad delivery or retargeting<\/a>.<br><strong>Validity period of the cookie<\/strong>: 30 days<\/p>\n\n\n\n<p><strong>Cookie Name<\/strong>: DSID<br><strong>Purpose of the cookie<\/strong>: to <a href=\"https:\/\/cookiedatabase.org\/cookiefunctions\/store-user-preferences\/\" data-type=\"URL\" data-id=\"https:\/\/cookiedatabase.org\/cookiefunctions\/store-user-preferences\/\" target=\"_blank\" rel=\"noreferrer noopener\">store user preferences<\/a>.<br><strong>Validity period of the cookie<\/strong>: expires immediately<\/p>\n\n\n\n<p><strong>Cookie Name<\/strong>: IDE<br><strong>Purpose of the cookie<\/strong>: to <a href=\"https:\/\/cookiedatabase.org\/cookiefunctions\/ad-delivery\/\" data-type=\"URL\" data-id=\"https:\/\/cookiedatabase.org\/cookiefunctions\/ad-delivery\/\" target=\"_blank\" rel=\"noreferrer noopener\">provide ad delivery or retargeting<\/a><br><strong>Validity period of the cookie<\/strong>: 390 days<\/p>\n\n\n\n<p><strong>Cookie Name<\/strong>: cookieControlPrefs<br><strong>Purpose of the cookie<\/strong>: to <a data-type=\"URL\" data-id=\"https:\/\/cookiedatabase.org\/cookiefunctions\/store-cookie-consent-preferences\/\" href=\"https:\/\/cookiedatabase.org\/cookiefunctions\/store-cookie-consent-preferences\/\" target=\"_blank\" rel=\"noreferrer noopener\">store cookie consent preferences<\/a><br><strong>Validity period of the cookie<\/strong>: 1 month<\/p>\n\n\n\n<p><strong>Cookie Name<\/strong>: wp-wpml_current_language<br><strong>Purpose of the cookie<\/strong>: Stores the selected language of the page.<br><strong>Validity period of the cookie<\/strong>: 24 hours<\/p>\n\n\n\n<p><strong>Performance cookies<\/strong><br>We may also use cookies issued by third parties (called \u201cThird Party\u201d cookies) to track the websites you visited or search terms you used immediately prior to visiting this site, or to collect information about how visitors use our website. We use Google Analytics for this purpose. Google Analytics uses its own cookies. These cookies don\u2019t collect information that identify visitors. All information these cookies collect is aggregated and therefore anonymous. It is only used to improve how the site works. You can find out more about Google Analytics cookies here: <a href=\"https:\/\/developers.google.com\/analytics\/resources\/concepts\/gaConceptsCookies\">https:\/\/developers.google.com\/analytics\/resources\/concepts\/gaConceptsCookies<\/a>.<\/p>\n\n\n\n<p>Please note that while using our website, you can avoid the use of the Google Analytics service by downloading and installing the Browser Plugin available via this link:<br><a href=\"http:\/\/tools.google.com\/dlpage\/gaoptout?hl=en-GB\">http:\/\/tools.google.com\/dlpage\/gaoptout?hl=en-GB<\/a>.<\/p>\n\n\n\n<p>The performance cookies &#8211; \u201cThird Party\u201d cookies &#8211; are listed below:<\/p>\n\n\n\n<p><strong>Cookie Name<\/strong>: _gid<br><strong>Purpose of the cookie<\/strong>: This cookie name is associated with Google Universal Analytics. This cookie stores and updates a unique value for each page visited.<br><strong>Validity period of the cookie<\/strong>: 1 day<\/p>\n\n\n\n<p><strong>Cookie Name<\/strong>: _gat<br><strong>Purpose of the cookie<\/strong>: This cookie name is associated with Google Universal Analytics, according to documentation it is used to throttle the request rate &#8211; limiting the collection of data on high traffic sites.<br><strong>Validity period of the cookie<\/strong>: expires immediately<\/p>\n\n\n\n<p><strong>Cookie Name<\/strong>: _ga<br><strong>Purpose of the cookie<\/strong>: This cookie name is associated with Google Universal Analytics &#8211; which is a significant update to Google&#8217;s more commonly used analytics service. This cookie is used to distinguish unique users by assigning a randomly generated number as a client identifier. It is included in each page request in a site and used to calculate visitor, session and campaign data for the sites analytics reports. By default it is set to expire after 2 years.<br><strong>Validity period of the cookie<\/strong>: 2 years<\/p>\n\n\n\n<p><strong>Social Media Cookies<\/strong><br>These cookies are used when you share information using a social media sharing button or \u201clike\u201d button on our site or you link your account or engage with our content on or through a social networking site such as Facebook. The social network will record that you have done this. This information may be linked to targeting\/advertising activities.<\/p>\n\n\n\n<p>The social media cookie is as follows:<\/p>\n\n\n\n<p><strong>Cookie Name:<\/strong> fr (.facebook.com)<br><strong>Purpose:<\/strong> Stores encrypted Facebook and browser ID.<br><strong>Validity period of the cookie:<\/strong> 90 days<\/p>\n\n\n\n<h3 class=\"wp-block-heading\" id=\"3-how-to-accept-and-reject-cookies\">3. How to accept and reject cookies<\/h3>\n\n\n\n<p>Please note that by accepting the cookie in the information strip appearing when you visit our website for the first time you permit the use of the cookie by the website operator in the browser and the IT instrument that you use. If you do not wish to accept the use of cookies, you can do this upon your first visit to the www.dentsu.hu website. Once you have accepted the cookies, later you can disable the placement of all cookies in your browser, and you can also delete specific cookies from your browser.<\/p>\n\n\n\n<p>This varies with each browser. If you don\u2019t want to receive cookies, you can alter your browser settings. The procedure for doing so varies from one browser application to another. If you wish to reject cookies from our site, but wish to accept those from other sites, you may choose the option in your browser settings to receive a notice before a cookie is stored on your device. Please consult the \u201cHelp\u201d section of your browser for more information.<\/p>\n\n\n\n<p>To find out more, please consult the following: <a href=\"http:\/\/www.allaboutcookies.org\/manage-cookiies\" target=\"_blank\" rel=\"noreferrer noopener\">http:\/\/www.allaboutcookies.org\/manage-cookiies<\/a> and <a href=\"http:\/\/www.youronlinechoices.com\/\" data-type=\"URL\" data-id=\"http:\/\/www.youronlinechoices.com\/\" target=\"_blank\" rel=\"noreferrer noopener\">www.youronlinechoices.com<\/a>. By disabling cookies, you may be prevented from accessing some features of our website or certain content or functionality will not be available.<\/p>\n\n\n\n<p>Please note that the website operator may unilaterally modify this Cookie Notice. The modified provisions shall apply after their entry into force.<\/p>\n\n\n\n<p>Effective date of this Cookie Notice: 12.07.2022<\/p>\n\n\n\n<p><strong>Dentsu Hungary Kft.<\/strong><\/p>\n","protected":false},"excerpt":{"rendered":"<p>1. What is a cookie? How we deploy \u201ccookies\u201d? Cookies are small packets of information stored by your web browser when you visit certain websites, including the karrier.dentsu.hu website (hereinafter: website\/our website). Cookies are generally used by websites to improve your user experience by enabling that website to \u2018remember\u2019 you, either strictly for the duration [&hellip;]<\/p>\n","protected":false},"author":1,"featured_media":0,"parent":0,"menu_order":0,"comment_status":"closed","ping_status":"closed","template":"page-policy.php","meta":{"_acf_changed":false,"inline_featured_image":false,"footnotes":""},"class_list":["post-1451","page","type-page","status-publish","hentry"],"acf":[],"yoast_head":"<!-- This site is optimized with the Yoast SEO plugin v23.8 - https:\/\/yoast.com\/wordpress\/plugins\/seo\/ -->\n<title>Cookie policy - Dentsu karrier<\/title>\n<meta name=\"robots\" content=\"index, follow, max-snippet:-1, max-image-preview:large, max-video-preview:-1\" \/>\n<link rel=\"canonical\" href=\"https:\/\/karrier.dentsu.hu\/en\/cookie-policy\/\" \/>\n<meta property=\"og:locale\" content=\"en_US\" \/>\n<meta property=\"og:type\" content=\"article\" \/>\n<meta property=\"og:title\" content=\"Cookie policy - Dentsu karrier\" \/>\n<meta property=\"og:description\" content=\"1. What is a cookie? How we deploy \u201ccookies\u201d? Cookies are small packets of information stored by your web browser when you visit certain websites, including the karrier.dentsu.hu website (hereinafter: website\/our website). Cookies are generally used by websites to improve your user experience by enabling that website to \u2018remember\u2019 you, either strictly for the duration [&hellip;]\" \/>\n<meta property=\"og:url\" content=\"https:\/\/karrier.dentsu.hu\/en\/cookie-policy\/\" \/>\n<meta property=\"og:site_name\" content=\"Dentsu karrier\" \/>\n<meta property=\"article:modified_time\" content=\"2023-02-28T15:01:24+00:00\" \/>\n<meta name=\"twitter:card\" content=\"summary_large_image\" \/>\n<meta name=\"twitter:label1\" content=\"Est. reading time\" \/>\n\t<meta name=\"twitter:data1\" content=\"6 minutes\" \/>\n<script type=\"application\/ld+json\" class=\"yoast-schema-graph\">{\"@context\":\"https:\/\/schema.org\",\"@graph\":[{\"@type\":\"WebPage\",\"@id\":\"https:\/\/karrier.dentsu.hu\/en\/cookie-policy\/\",\"url\":\"https:\/\/karrier.dentsu.hu\/en\/cookie-policy\/\",\"name\":\"Cookie policy - Dentsu karrier\",\"isPartOf\":{\"@id\":\"https:\/\/karrier.dentsu.hu\/#website\"},\"datePublished\":\"2022-05-19T08:12:48+00:00\",\"dateModified\":\"2023-02-28T15:01:24+00:00\",\"breadcrumb\":{\"@id\":\"https:\/\/karrier.dentsu.hu\/en\/cookie-policy\/#breadcrumb\"},\"inLanguage\":\"en-US\",\"potentialAction\":[{\"@type\":\"ReadAction\",\"target\":[\"https:\/\/karrier.dentsu.hu\/en\/cookie-policy\/\"]}]},{\"@type\":\"BreadcrumbList\",\"@id\":\"https:\/\/karrier.dentsu.hu\/en\/cookie-policy\/#breadcrumb\",\"itemListElement\":[{\"@type\":\"ListItem\",\"position\":1,\"name\":\"Home\",\"item\":\"https:\/\/karrier.dentsu.hu\/en\/\"},{\"@type\":\"ListItem\",\"position\":2,\"name\":\"Cookie policy\"}]},{\"@type\":\"WebSite\",\"@id\":\"https:\/\/karrier.dentsu.hu\/#website\",\"url\":\"https:\/\/karrier.dentsu.hu\/\",\"name\":\"Dentsu karrier\",\"description\":\"Ismerd meg a c\u00e9g\u00fcnket, m\u00e1rk\u00e1inkat, csapatainkat!\",\"potentialAction\":[{\"@type\":\"SearchAction\",\"target\":{\"@type\":\"EntryPoint\",\"urlTemplate\":\"https:\/\/karrier.dentsu.hu\/?s={search_term_string}\"},\"query-input\":{\"@type\":\"PropertyValueSpecification\",\"valueRequired\":true,\"valueName\":\"search_term_string\"}}],\"inLanguage\":\"en-US\"}]}<\/script>\n<!-- \/ Yoast SEO plugin. -->","yoast_head_json":{"title":"Cookie policy - Dentsu karrier","robots":{"index":"index","follow":"follow","max-snippet":"max-snippet:-1","max-image-preview":"max-image-preview:large","max-video-preview":"max-video-preview:-1"},"canonical":"https:\/\/karrier.dentsu.hu\/en\/cookie-policy\/","og_locale":"en_US","og_type":"article","og_title":"Cookie policy - Dentsu karrier","og_description":"1. What is a cookie? How we deploy \u201ccookies\u201d? Cookies are small packets of information stored by your web browser when you visit certain websites, including the karrier.dentsu.hu website (hereinafter: website\/our website). Cookies are generally used by websites to improve your user experience by enabling that website to \u2018remember\u2019 you, either strictly for the duration [&hellip;]","og_url":"https:\/\/karrier.dentsu.hu\/en\/cookie-policy\/","og_site_name":"Dentsu karrier","article_modified_time":"2023-02-28T15:01:24+00:00","twitter_card":"summary_large_image","twitter_misc":{"Est. reading time":"6 minutes"},"schema":{"@context":"https:\/\/schema.org","@graph":[{"@type":"WebPage","@id":"https:\/\/karrier.dentsu.hu\/en\/cookie-policy\/","url":"https:\/\/karrier.dentsu.hu\/en\/cookie-policy\/","name":"Cookie policy - Dentsu karrier","isPartOf":{"@id":"https:\/\/karrier.dentsu.hu\/#website"},"datePublished":"2022-05-19T08:12:48+00:00","dateModified":"2023-02-28T15:01:24+00:00","breadcrumb":{"@id":"https:\/\/karrier.dentsu.hu\/en\/cookie-policy\/#breadcrumb"},"inLanguage":"en-US","potentialAction":[{"@type":"ReadAction","target":["https:\/\/karrier.dentsu.hu\/en\/cookie-policy\/"]}]},{"@type":"BreadcrumbList","@id":"https:\/\/karrier.dentsu.hu\/en\/cookie-policy\/#breadcrumb","itemListElement":[{"@type":"ListItem","position":1,"name":"Home","item":"https:\/\/karrier.dentsu.hu\/en\/"},{"@type":"ListItem","position":2,"name":"Cookie policy"}]},{"@type":"WebSite","@id":"https:\/\/karrier.dentsu.hu\/#website","url":"https:\/\/karrier.dentsu.hu\/","name":"Dentsu karrier","description":"Ismerd meg a c\u00e9g\u00fcnket, m\u00e1rk\u00e1inkat, csapatainkat!","potentialAction":[{"@type":"SearchAction","target":{"@type":"EntryPoint","urlTemplate":"https:\/\/karrier.dentsu.hu\/?s={search_term_string}"},"query-input":{"@type":"PropertyValueSpecification","valueRequired":true,"valueName":"search_term_string"}}],"inLanguage":"en-US"}]}},"_links":{"self":[{"href":"https:\/\/karrier.dentsu.hu\/en\/wp-json\/wp\/v2\/pages\/1451"}],"collection":[{"href":"https:\/\/karrier.dentsu.hu\/en\/wp-json\/wp\/v2\/pages"}],"about":[{"href":"https:\/\/karrier.dentsu.hu\/en\/wp-json\/wp\/v2\/types\/page"}],"author":[{"embeddable":true,"href":"https:\/\/karrier.dentsu.hu\/en\/wp-json\/wp\/v2\/users\/1"}],"replies":[{"embeddable":true,"href":"https:\/\/karrier.dentsu.hu\/en\/wp-json\/wp\/v2\/comments?post=1451"}],"version-history":[{"count":5,"href":"https:\/\/karrier.dentsu.hu\/en\/wp-json\/wp\/v2\/pages\/1451\/revisions"}],"predecessor-version":[{"id":1655,"href":"https:\/\/karrier.dentsu.hu\/en\/wp-json\/wp\/v2\/pages\/1451\/revisions\/1655"}],"wp:attachment":[{"href":"https:\/\/karrier.dentsu.hu\/en\/wp-json\/wp\/v2\/media?parent=1451"}],"curies":[{"name":"wp","href":"https:\/\/api.w.org\/{rel}","templated":true}]}}